{"id":490,"date":"2018-04-17T15:45:01","date_gmt":"2018-04-17T13:45:01","guid":{"rendered":"http:\/\/mgo-bi.de\/?page_id=490"},"modified":"2018-04-30T12:04:33","modified_gmt":"2018-04-30T10:04:33","slug":"das-mandolinen-und-gitarrenorchester-stellt-sich-vor","status":"publish","type":"page","link":"https:\/\/mgo-bi.de\/?page_id=490","title":{"rendered":"Vereinsgeschichte"},"content":{"rendered":"<p><span style=\"font-size: 14pt;\">Am 19. September 1915 trafen sich 9 Musiker unter der Leitung von <strong>Karl Felsner<\/strong> (1915-1934, 1947-1948) in einer Gartenlaube am Ehlentruperweg und gr\u00fcndeten das Orchester unter dem Namen<\/span><br \/>\n<span style=\"font-size: 14pt;\"> <strong>\u201aNieders\u00e4chsische Wanderzunft\u2018.<br \/>\n<\/strong>&nbsp;Ihr Ziel war es, die Heimat durch Wanderungen kennen zu lernen und anderen mit ihrer Musik eine Freude zu machen.<\/span><\/p>\n<p><span style=\"font-size: 14pt;\">1922 erfolgte der Zusammenschluss mit dem 1. Bielefelder Mandolinenorchester. Fortan wurde als<\/span><br \/>\n<span style=\"font-size: 14pt;\"> <strong>\u201aZupfvereinigung \u201eNiedersachsen\u201c<\/strong>, 1. Bielefelder Mandolinen-Orchester\u2018 (ZVN)<\/span><br \/>\n<span style=\"font-size: 14pt;\"> musiziert.<\/span><\/p>\n<p><span style=\"font-size: 14pt;\">1947 (nach dem 2. Weltkrieg) nahm das Orchester seinen Spielbetrieb wieder auf.<\/span><\/p>\n<p><span style=\"font-size: 14pt;\">Am 1.2.1949 \u00fcbernahm <strong>G\u00fcnter Borges<\/strong> (1949-1994) f\u00fcr \u00fcber 45 Jahre (!) die Leitung.<\/span><\/p>\n<p><span style=\"font-size: 14pt;\">1971 \u00e4nderte das Orchester seinen Namen in<\/span><br \/>\n<span style=\"font-size: 14pt;\"> <strong>\u201aMandolinen- und Gitarrenorchester Bielefeld\u2018 (MGO).<br \/>\n<\/strong><\/span><br \/>\n<span style=\"font-size: 14pt;\"> 2 Jahre sp\u00e4ter erfolgte der Zusammenschluss mit den verbliebenen Zupfern des Zupfvereins Dornberg.<\/span><\/p>\n<p><span style=\"font-size: 14pt;\">1978 wechselte das MGO den Probenraum vom Stadtbadrestaurant in die Aula des Ceciliengymnasiums. und begann, sich neben Folkloremusik aus den s\u00fcd- und osteurop\u00e4ischen L\u00e4ndern zunehmend auch Originalkompositionen f\u00fcr Zupfmusik, von alten wie neuen Meistern, zu erarbeiten.<\/span><\/p>\n<p><span style=\"font-size: 14pt;\">Als logische Folge begann dann im Jahr 1989 die Tradition der Jahreskonzerte. Zu diesen Konzerten werden oft Gastmusiker eingeladen, die das Orchester bei ausgew\u00e4hlten St\u00fccken als Solisten begleiten oder einen Teil des Programmes \u00fcbernehmen.<\/span><\/p>\n<p><span style=\"font-size: 14pt;\">Das 75-j\u00e4hrige Bestehen wurde mit einem Festkonzert im Kleinen Saal der Oetkerhalle gefeiert. Als besonderes Highlight waren Dagmar und Detlef Tewes zu Gast, ein nicht nur in Zupferkreisen bekanntes Geschwisterduo und mit Detlef Tewes als einem der besten Mandolinenspieler weltweit.<\/span><\/p>\n<p><span style=\"font-size: 14pt;\">Nach zwei Interimsdirigenten, <strong>Oliver Huck<\/strong> (Januar 1995 \u2013 Juni 1999) und <strong>Susanne Scheinh\u00fctte<\/strong> (Juli 1999 \u2013 Mai 2001) \u00fcbernahm <strong>Yasuo Wada<\/strong> (Juni 2001 \u2013 lfd.) den Taktstock.<\/span><\/p>\n<p><span style=\"font-size: 14pt;\">2015 feierte das MGO sein 100j\u00e4hriges Bestehen mit einem Festkonzert.<\/span><\/p>\n","protected":false},"excerpt":{"rendered":"<p>Am 19. September 1915 trafen sich 9 Musiker unter der Leitung von Karl Felsner (1915-1934, 1947-1948) in einer Gartenlaube am&hellip;<\/p>\n","protected":false},"author":2,"featured_media":2047,"parent":0,"menu_order":0,"comment_status":"closed","ping_status":"closed","template":"","meta":{"ngg_post_thumbnail":0,"footnotes":""},"class_list":["post-490","page","type-page","status-publish","has-post-thumbnail","hentry"],"_links":{"self":[{"href":"https:\/\/mgo-bi.de\/index.php?rest_route=\/wp\/v2\/pages\/490","targetHints":{"allow":["GET"]}}],"collection":[{"href":"https:\/\/mgo-bi.de\/index.php?rest_route=\/wp\/v2\/pages"}],"about":[{"href":"https:\/\/mgo-bi.de\/index.php?rest_route=\/wp\/v2\/types\/page"}],"author":[{"embeddable":true,"href":"https:\/\/mgo-bi.de\/index.php?rest_route=\/wp\/v2\/users\/2"}],"replies":[{"embeddable":true,"href":"https:\/\/mgo-bi.de\/index.php?rest_route=%2Fwp%2Fv2%2Fcomments&post=490"}],"version-history":[{"count":7,"href":"https:\/\/mgo-bi.de\/index.php?rest_route=\/wp\/v2\/pages\/490\/revisions"}],"predecessor-version":[{"id":2046,"href":"https:\/\/mgo-bi.de\/index.php?rest_route=\/wp\/v2\/pages\/490\/revisions\/2046"}],"wp:featuredmedia":[{"embeddable":true,"href":"https:\/\/mgo-bi.de\/index.php?rest_route=\/wp\/v2\/media\/2047"}],"wp:attachment":[{"href":"https:\/\/mgo-bi.de\/index.php?rest_route=%2Fwp%2Fv2%2Fmedia&parent=490"}],"curies":[{"name":"wp","href":"https:\/\/api.w.org\/{rel}","templated":true}]}}